{"id":1953,"date":"2021-03-19T13:26:19","date_gmt":"2021-03-19T12:26:19","guid":{"rendered":"http:\/\/my-alps.de\/?page_id=1953"},"modified":"2021-03-19T13:26:19","modified_gmt":"2021-03-19T12:26:19","slug":"suedamerikareise-2013-2014","status":"publish","type":"page","link":"http:\/\/my-alps.de\/?page_id=1953","title":{"rendered":"S\u00fcdamerikareise 2013-2014"},"content":{"rendered":"","protected":false},"excerpt":{"rendered":"","protected":false},"author":1,"featured_media":0,"parent":0,"menu_order":0,"comment_status":"closed","ping_status":"closed","template":"","meta":{"spay_email":""},"jetpack_sharing_enabled":true,"jetpack_shortlink":"https:\/\/wp.me\/P6huce-vv","jetpack-related-posts":[{"id":921,"url":"http:\/\/my-alps.de\/?page_id=921","url_meta":{"origin":1953,"position":0},"title":"GPS Daten &#8211; Stellpl\u00e4tze &#8211; (Karten)","date":"26. M\u00e4rz 2014","format":false,"excerpt":"Hier laden wir in lockerer Reihenfolge Karten hoch, die wir aus unserem Garmin GPS und unserer Garmin Software erzeugen k\u00f6nnen. Als Karten verwenden wir die Routingf\u00e4higen Karten von OSM. Wir haben eine Karten f\u00fcr ganz S\u00fcdamerika und die jeweiligen L\u00e4nderkarten (sind etwas genauer). Papierkarten verwenden wir um einen \u00dcberblick zu\u2026","rel":"","context":"\u00c4hnlicher Beitrag","img":{"alt_text":"","src":"","width":0,"height":0},"classes":[]},{"id":789,"url":"http:\/\/my-alps.de\/?page_id=789","url_meta":{"origin":1953,"position":1},"title":"BIMOBIL VL 326","date":"4. M\u00e4rz 2014","format":false,"excerpt":"F\u00fcr Interessierte stelle ich mal ein paar Fakten von unserem mobilen Heim zu Verf\u00fcgung. Eventuell tr\u00e4gt sich ja jemand mit dem Gedanken auch f\u00fcr l\u00e4ngere Zeit mit dem WOMO zu verreisen. Und gute Tipps kann man(n) ja immer gut gebrauchen. Wie ich auf unserer Startseite schon geschrieben hatte, sind wir\u2026","rel":"","context":"Mit 4 Kommentaren","img":{"alt_text":"","src":"https:\/\/i0.wp.com\/my-alps.de\/wp-content\/uploads\/2014\/03\/Powerschrank.jpg?resize=350%2C200","width":350,"height":200},"classes":[]}],"_links":{"self":[{"href":"http:\/\/my-alps.de\/index.php?rest_route=\/wp\/v2\/pages\/1953"}],"collection":[{"href":"http:\/\/my-alps.de\/index.php?rest_route=\/wp\/v2\/pages"}],"about":[{"href":"http:\/\/my-alps.de\/index.php?rest_route=\/wp\/v2\/types\/page"}],"author":[{"embeddable":true,"href":"http:\/\/my-alps.de\/index.php?rest_route=\/wp\/v2\/users\/1"}],"replies":[{"embeddable":true,"href":"http:\/\/my-alps.de\/index.php?rest_route=%2Fwp%2Fv2%2Fcomments&post=1953"}],"version-history":[{"count":1,"href":"http:\/\/my-alps.de\/index.php?rest_route=\/wp\/v2\/pages\/1953\/revisions"}],"predecessor-version":[{"id":1955,"href":"http:\/\/my-alps.de\/index.php?rest_route=\/wp\/v2\/pages\/1953\/revisions\/1955"}],"wp:attachment":[{"href":"http:\/\/my-alps.de\/index.php?rest_route=%2Fwp%2Fv2%2Fmedia&parent=1953"}],"curies":[{"name":"wp","href":"https:\/\/api.w.org\/{rel}","templated":true}]}}